{"id":19794,"date":"2024-10-02T23:57:26","date_gmt":"2024-10-02T20:57:26","guid":{"rendered":"https:\/\/themore.com.tr\/uncategorized\/trinity-concept\/"},"modified":"2025-08-03T20:16:48","modified_gmt":"2025-08-03T17:16:48","slug":"trinity-concept","status":"publish","type":"product","link":"https:\/\/themore.com.tr\/en\/concept-models\/trinity-concept\/","title":{"rendered":"Trinity"},"content":{"rendered":"\t\t<div data-elementor-type=\"product-post\" data-elementor-id=\"19794\" class=\"elementor elementor-19794 elementor-16296\" data-elementor-post-type=\"product\">\n\t\t\t\t<div class=\"wd-negative-gap elementor-element elementor-element-62761914 e-flex e-con-boxed e-con e-parent\" data-id=\"62761914\" data-element_type=\"container\">\n\t\t\t\t\t<div class=\"e-con-inner\">\n\t\t\t\t<div class=\"elementor-element elementor-element-601f13b3 color-scheme-inherit text-left elementor-widget elementor-widget-text-editor\" data-id=\"601f13b3\" data-element_type=\"widget\" data-widget_type=\"text-editor.default\">\n\t\t\t\t<div class=\"elementor-widget-container\">\n\t\t\t\t\t\t\t\t\t<style>\/*! pro-elements - v3.23.0 - 05-08-2024 *\/<br \/>.elementor-gallery__container{min-height:1px}.elementor-gallery-item{position:relative;overflow:hidden;display:block;text-decoration:none;border:solid var(--image-border-width) var(--image-border-color);border-radius:var(--image-border-radius)}.elementor-gallery-item__content,.elementor-gallery-item__overlay{height:100%;width:100%;position:absolute;top:0;left:0}.elementor-gallery-item__overlay{mix-blend-mode:var(--overlay-mix-blend-mode);transition-duration:var(--overlay-transition-duration);transition-property:mix-blend-mode,transform,opacity,background-color}.elementor-gallery-item__image.e-gallery-image{transition-duration:var(--image-transition-duration);transition-property:filter,transform}.elementor-gallery-item__content{display:flex;flex-direction:column;justify-content:var(--content-justify-content,center);align-items:center;text-align:var(--content-text-align);padding:var(--content-padding)}.elementor-gallery-item__content>div{transition-duration:var(--content-transition-duration)}.elementor-gallery-item__content.elementor-gallery--sequenced-animation>div:nth-child(2){transition-delay:calc(var(--content-transition-delay) \/ 3)}.elementor-gallery-item__content.elementor-gallery--sequenced-animation>div:nth-child(3){transition-delay:calc(var(--content-transition-delay) \/ 3 * 2)}.elementor-gallery-item__content.elementor-gallery--sequenced-animation>div:nth-child(4){transition-delay:calc(var(--content-transition-delay) \/ 3 * 3)}.elementor-gallery-item__description{color:var(--description-text-color,#fff);width:100%}.elementor-gallery-item__title{color:var(--title-text-color,#fff);font-weight:700;width:100%}.elementor-gallery__titles-container{display:flex;flex-wrap:wrap;justify-content:var(--titles-container-justify-content,center);margin-bottom:20px}.elementor-gallery__titles-container:not(.e--pointer-framed) .elementor-item:after,.elementor-gallery__titles-container:not(.e--pointer-framed) .elementor-item:before{background-color:var(--galleries-pointer-bg-color-hover)}.elementor-gallery__titles-container:not(.e--pointer-framed) .elementor-item.elementor-item-active:after,.elementor-gallery__titles-container:not(.e--pointer-framed) .elementor-item.elementor-item-active:before{background-color:var(--galleries-pointer-bg-color-active)}.elementor-gallery__titles-container.e--pointer-framed .elementor-item:before{border-color:var(--galleries-pointer-bg-color-hover);border-width:var(--galleries-pointer-border-width)}.elementor-gallery__titles-container.e--pointer-framed .elementor-item:after{border-color:var(--galleries-pointer-bg-color-hover)}.elementor-gallery__titles-container.e--pointer-framed .elementor-item.elementor-item-active:after,.elementor-gallery__titles-container.e--pointer-framed .elementor-item.elementor-item-active:before{border-color:var(--galleries-pointer-bg-color-active)}.elementor-gallery__titles-container.e--pointer-framed.e--animation-draw .elementor-item:before{border-left-width:var(--galleries-pointer-border-width);border-bottom-width:var(--galleries-pointer-border-width);border-right-width:0;border-top-width:0}.elementor-gallery__titles-container.e--pointer-framed.e--animation-draw .elementor-item:after{border-left-width:0;border-bottom-width:0;border-right-width:var(--galleries-pointer-border-width);border-top-width:var(--galleries-pointer-border-width)}.elementor-gallery__titles-container.e--pointer-framed.e--animation-corners .elementor-item:before{border-left-width:var(--galleries-pointer-border-width);border-bottom-width:0;border-right-width:0;border-top-width:var(--galleries-pointer-border-width)}.elementor-gallery__titles-container.e--pointer-framed.e--animation-corners .elementor-item:after{border-left-width:0;border-bottom-width:var(--galleries-pointer-border-width);border-right-width:var(--galleries-pointer-border-width);border-top-width:0}.elementor-gallery__titles-container .e--pointer-double-line .elementor-item:after,.elementor-gallery__titles-container .e--pointer-double-line .elementor-item:before,.elementor-gallery__titles-container .e--pointer-overline .elementor-item:before,.elementor-gallery__titles-container .e--pointer-underline .elementor-item:after{height:var(--galleries-pointer-border-width)}.elementor-gallery-title{--space-between:10px;cursor:pointer;color:#6d7882;font-weight:500;position:relative;padding:7px 14px;transition:all .3s}.elementor-gallery-title--active{color:#495157}.elementor-gallery-title:not(:last-child){margin-inline-end:var(--space-between)}.elementor-gallery-item__title+.elementor-gallery-item__description{margin-top:var(--description-margin-top)}.e-gallery-item.elementor-gallery-item{transition-property:all}.e-gallery-item.elementor-animated-content .elementor-animated-item--enter-from-bottom,.e-gallery-item.elementor-animated-content .elementor-animated-item--enter-from-left,.e-gallery-item.elementor-animated-content .elementor-animated-item--enter-from-right,.e-gallery-item.elementor-animated-content .elementor-animated-item--enter-from-top,.e-gallery-item:focus .elementor-gallery__item-overlay-bg,.e-gallery-item:focus .elementor-gallery__item-overlay-content,.e-gallery-item:focus .elementor-gallery__item-overlay-content__description,.e-gallery-item:focus .elementor-gallery__item-overlay-content__title,.e-gallery-item:hover .elementor-gallery__item-overlay-bg,.e-gallery-item:hover .elementor-gallery__item-overlay-content,.e-gallery-item:hover .elementor-gallery__item-overlay-content__description,.e-gallery-item:hover .elementor-gallery__item-overlay-content__title{opacity:1}a.elementor-item.elementor-gallery-title{color:var(--galleries-title-color-normal)}a.elementor-item.elementor-gallery-title.elementor-item-active,a.elementor-item.elementor-gallery-title.highlighted,a.elementor-item.elementor-gallery-title:focus,a.elementor-item.elementor-gallery-title:hover{color:var(--galleries-title-color-hover)}a.elementor-item.elementor-gallery-title.elementor-item-active{color:var(--gallery-title-color-active)}.e-con-inner>.elementor-widget-gallery,.e-con>.elementor-widget-gallery{width:var(--container-widget-width);--flex-grow:var(--container-widget-flex-grow)}<\/style>\r\n\r\n<a href=\"https:\/\/demo.parskod.com\/katalog\/wp-content\/uploads\/2024\/09\/04-12.jpg\" data-elementor-open-lightbox=\"yes\" data-elementor-lightbox-slideshow=\"1c57a05\" data-elementor-lightbox-title=\"04\" data-e-action-hash=\"#elementor-action%3Aaction%3Dlightbox%26settings%3DeyJpZCI6MTcxMzMsInVybCI6Imh0dHBzOlwvXC9kZW1vLnBhcnNrb2QuY29tXC9rYXRhbG9nXC93cC1jb250ZW50XC91cGxvYWRzXC8yMDI0XC8wOVwvMDQtMTIuanBnIiwic2xpZGVzaG93IjoiMWM1N2EwNSJ9\" target=\"_blank\" rel=\"noopener\">\r\n<\/a>\r\n<a href=\"https:\/\/demo.parskod.com\/katalog\/wp-content\/uploads\/2024\/09\/03s-1.jpg\" data-elementor-open-lightbox=\"yes\" data-elementor-lightbox-slideshow=\"1c57a05\" data-elementor-lightbox-title=\"03s\" data-e-action-hash=\"#elementor-action%3Aaction%3Dlightbox%26settings%3DeyJpZCI6MTcxMzIsInVybCI6Imh0dHBzOlwvXC9kZW1vLnBhcnNrb2QuY29tXC9rYXRhbG9nXC93cC1jb250ZW50XC91cGxvYWRzXC8yMDI0XC8wOVwvMDNzLTEuanBnIiwic2xpZGVzaG93IjoiMWM1N2EwNSJ9\" target=\"_blank\" rel=\"noopener\">\r\n<\/a>\r\n<a href=\"https:\/\/demo.parskod.com\/katalog\/wp-content\/uploads\/2024\/09\/03-17.jpg\" data-elementor-open-lightbox=\"yes\" data-elementor-lightbox-slideshow=\"1c57a05\" data-elementor-lightbox-title=\"03\" data-e-action-hash=\"#elementor-action%3Aaction%3Dlightbox%26settings%3DeyJpZCI6MTcxMzEsInVybCI6Imh0dHBzOlwvXC9kZW1vLnBhcnNrb2QuY29tXC9rYXRhbG9nXC93cC1jb250ZW50XC91cGxvYWRzXC8yMDI0XC8wOVwvMDMtMTcuanBnIiwic2xpZGVzaG93IjoiMWM1N2EwNSJ9\" target=\"_blank\" rel=\"noopener\">\r\n<\/a>\r\n<a href=\"https:\/\/demo.parskod.com\/katalog\/wp-content\/uploads\/2024\/09\/02-21.jpg\" data-elementor-open-lightbox=\"yes\" data-elementor-lightbox-slideshow=\"1c57a05\" data-elementor-lightbox-title=\"02\" data-e-action-hash=\"#elementor-action%3Aaction%3Dlightbox%26settings%3DeyJpZCI6MTcxMzAsInVybCI6Imh0dHBzOlwvXC9kZW1vLnBhcnNrb2QuY29tXC9rYXRhbG9nXC93cC1jb250ZW50XC91cGxvYWRzXC8yMDI0XC8wOVwvMDItMjEuanBnIiwic2xpZGVzaG93IjoiMWM1N2EwNSJ9\" target=\"_blank\" rel=\"noopener\">\r\n<\/a>\r\n<a href=\"https:\/\/demo.parskod.com\/katalog\/wp-content\/uploads\/2024\/09\/01-57.jpg\" data-elementor-open-lightbox=\"yes\" data-elementor-lightbox-slideshow=\"1c57a05\" data-elementor-lightbox-title=\"01\" data-e-action-hash=\"#elementor-action%3Aaction%3Dlightbox%26settings%3DeyJpZCI6MTcxMjksInVybCI6Imh0dHBzOlwvXC9kZW1vLnBhcnNrb2QuY29tXC9rYXRhbG9nXC93cC1jb250ZW50XC91cGxvYWRzXC8yMDI0XC8wOVwvMDEtNTcuanBnIiwic2xpZGVzaG93IjoiMWM1N2EwNSJ9\" target=\"_blank\" rel=\"noopener\">\r\n<\/a>\r\n<a href=\"https:\/\/demo.parskod.com\/katalog\/wp-content\/uploads\/2024\/09\/banyo_b-4.jpg\" data-elementor-open-lightbox=\"yes\" data-elementor-lightbox-slideshow=\"1c57a05\" data-elementor-lightbox-title=\"banyo_b\" data-e-action-hash=\"#elementor-action%3Aaction%3Dlightbox%26settings%3DeyJpZCI6MTcxMzUsInVybCI6Imh0dHBzOlwvXC9kZW1vLnBhcnNrb2QuY29tXC9rYXRhbG9nXC93cC1jb250ZW50XC91cGxvYWRzXC8yMDI0XC8wOVwvYmFueW9fYi00LmpwZyIsInNsaWRlc2hvdyI6IjFjNTdhMDUifQ%3D%3D\" target=\"_blank\" rel=\"noopener\">\r\n<\/a>\r\n<a href=\"https:\/\/demo.parskod.com\/katalog\/wp-content\/uploads\/2024\/09\/banyo-4.jpg\" data-elementor-open-lightbox=\"yes\" data-elementor-lightbox-slideshow=\"1c57a05\" data-elementor-lightbox-title=\"banyo\" data-e-action-hash=\"#elementor-action%3Aaction%3Dlightbox%26settings%3DeyJpZCI6MTcxMzQsInVybCI6Imh0dHBzOlwvXC9kZW1vLnBhcnNrb2QuY29tXC9rYXRhbG9nXC93cC1jb250ZW50XC91cGxvYWRzXC8yMDI0XC8wOVwvYmFueW8tNC5qcGciLCJzbGlkZXNob3ciOiIxYzU3YTA1In0%3D\" target=\"_blank\" rel=\"noopener\">\r\n<\/a>\t\t\t\t\t\t\t\t<\/div>\n\t\t\t\t<\/div>\n\t\t\t\t\t<\/div>\n\t\t\t\t<\/div>\n\t\t<div class=\"elementor-element elementor-element-aaaebe5 e-con-full e-flex e-con e-parent\" data-id=\"aaaebe5\" data-element_type=\"container\">\n\t\t<div class=\"elementor-element elementor-element-a186f4e e-con-full e-flex e-con e-child\" data-id=\"a186f4e\" data-element_type=\"container\">\n\t\t\t\t<\/div>\n\t\t<div class=\"elementor-element elementor-element-5c3fb42 e-con-full e-flex e-con e-child\" data-id=\"5c3fb42\" data-element_type=\"container\">\n\t\t\t\t<div class=\"elementor-element elementor-element-1b7f2b5 elementor-widget elementor-widget-wd_button\" data-id=\"1b7f2b5\" data-element_type=\"widget\" data-widget_type=\"wd_button.default\">\n\t\t\t\t<div class=\"elementor-widget-container\">\n\t\t\t\t\t\t\t<div class=\"wd-button-wrapper text-right\" >\n\t\t\t<a class=\"btn btn-style-bordered btn-shape-rectangle btn-size-large btn-color-primary btn-icon-pos-right\" href=\"https:\/\/katalog.themore.com.tr\/trinity-concept\/\">\n\t\t\t\t<span class=\"wd-btn-text\" data-elementor-setting-key=\"text\">\n\t\t\t\t\tModeli Katalogda \u0130ncele\t\t\t\t<\/span>\n\n\t\t\t\t\t\t\t\t\t<span class=\"wd-btn-icon\">\n\t\t\t\t\t\t<svg class=\"wd-icon e-font-icon-svg e-fas-arrow-right\" viewBox=\"0 0 448 512\" xmlns=\"http:\/\/www.w3.org\/2000\/svg\"><path d=\"M190.5 66.9l22.2-22.2c9.4-9.4 24.6-9.4 33.9 0L441 239c9.4 9.4 9.4 24.6 0 33.9L246.6 467.3c-9.4 9.4-24.6 9.4-33.9 0l-22.2-22.2c-9.5-9.5-9.3-25 .4-34.3L311.4 296H24c-13.3 0-24-10.7-24-24v-32c0-13.3 10.7-24 24-24h287.4L190.9 101.2c-9.8-9.3-10-24.8-.4-34.3z\"><\/path><\/svg>\t\t\t\t\t<\/span>\n\t\t\t\t\t\t\t<\/a>\n\t\t<\/div>\n\t\t\t\t\t\t<\/div>\n\t\t\t\t<\/div>\n\t\t\t\t<\/div>\n\t\t\t\t<\/div>\n\t\t\t\t<\/div>\n\t\t","protected":false},"excerpt":{"rendered":"<p>Klasik de\u011ferlerin g\u00fcc\u00fcn\u00fc g\u00fcn\u00fcm\u00fcz stiline yans\u0131tan, modernle\u015ftik\u00e7e zenginle\u015fen mat ve metalik lake renk serileriyle gelen ihti\u015faml\u0131 bir sadeli\u011fe evet diyebilirsiniz.<\/p>\n","protected":false},"featured_media":18926,"comment_status":"closed","ping_status":"closed","template":"","meta":[],"product_brand":[],"product_cat":[88],"product_tag":[],"class_list":{"0":"post-19794","1":"product","2":"type-product","3":"status-publish","4":"has-post-thumbnail","6":"product_cat-concept-models","8":"first","9":"instock","10":"shipping-taxable","11":"product-type-simple"},"_links":{"self":[{"href":"https:\/\/themore.com.tr\/en\/wp-json\/wp\/v2\/product\/19794","targetHints":{"allow":["GET"]}}],"collection":[{"href":"https:\/\/themore.com.tr\/en\/wp-json\/wp\/v2\/product"}],"about":[{"href":"https:\/\/themore.com.tr\/en\/wp-json\/wp\/v2\/types\/product"}],"replies":[{"embeddable":true,"href":"https:\/\/themore.com.tr\/en\/wp-json\/wp\/v2\/comments?post=19794"}],"version-history":[{"count":6,"href":"https:\/\/themore.com.tr\/en\/wp-json\/wp\/v2\/product\/19794\/revisions"}],"predecessor-version":[{"id":21235,"href":"https:\/\/themore.com.tr\/en\/wp-json\/wp\/v2\/product\/19794\/revisions\/21235"}],"wp:featuredmedia":[{"embeddable":true,"href":"https:\/\/themore.com.tr\/en\/wp-json\/wp\/v2\/media\/18926"}],"wp:attachment":[{"href":"https:\/\/themore.com.tr\/en\/wp-json\/wp\/v2\/media?parent=19794"}],"wp:term":[{"taxonomy":"product_brand","embeddable":true,"href":"https:\/\/themore.com.tr\/en\/wp-json\/wp\/v2\/product_brand?post=19794"},{"taxonomy":"product_cat","embeddable":true,"href":"https:\/\/themore.com.tr\/en\/wp-json\/wp\/v2\/product_cat?post=19794"},{"taxonomy":"product_tag","embeddable":true,"href":"https:\/\/themore.com.tr\/en\/wp-json\/wp\/v2\/product_tag?post=19794"}],"curies":[{"name":"wp","href":"https:\/\/api.w.org\/{rel}","templated":true}]}}