{"id":19802,"date":"2024-10-02T23:57:25","date_gmt":"2024-10-02T20:57:25","guid":{"rendered":"https:\/\/themore.com.tr\/uncategorized\/arel-concept\/"},"modified":"2025-08-03T20:15:30","modified_gmt":"2025-08-03T17:15:30","slug":"arel-concept","status":"publish","type":"product","link":"https:\/\/themore.com.tr\/en\/concept-models\/arel-concept\/","title":{"rendered":"Arel"},"content":{"rendered":"\t\t<div data-elementor-type=\"product-post\" data-elementor-id=\"19802\" class=\"elementor elementor-19802 elementor-16292\" data-elementor-post-type=\"product\">\n\t\t\t\t<div class=\"elementor-element elementor-element-8278b06 e-con-full e-flex e-con e-parent\" data-id=\"8278b06\" data-element_type=\"container\">\n\t\t<div class=\"elementor-element elementor-element-8a7bb18 e-con-full e-flex e-con e-child\" data-id=\"8a7bb18\" data-element_type=\"container\">\n\t\t\t\t<\/div>\n\t\t<div class=\"elementor-element elementor-element-a6a0555 e-con-full e-flex e-con e-child\" data-id=\"a6a0555\" data-element_type=\"container\">\n\t\t\t\t<div class=\"elementor-element elementor-element-8b9ebb4 elementor-widget elementor-widget-wd_button\" data-id=\"8b9ebb4\" data-element_type=\"widget\" data-widget_type=\"wd_button.default\">\n\t\t\t\t<div class=\"elementor-widget-container\">\n\t\t\t\t\t\t\t<div class=\"wd-button-wrapper text-right\" >\n\t\t\t<a class=\"btn btn-style-bordered btn-shape-rectangle btn-size-large btn-color-primary btn-icon-pos-right\"  href=\"https:\/\/katalog.themore.com.tr\/arel-concept\/\">\n\t\t\t\t<span class=\"wd-btn-text\" data-elementor-setting-key=\"text\">\n\t\t\t\t\tModeli Katalogda \u0130ncele\t\t\t\t<\/span>\n\n\t\t\t\t\t\t\t\t\t<span class=\"wd-btn-icon\">\n\t\t\t\t\t\t<svg class=\"wd-icon e-font-icon-svg e-fas-arrow-right\" viewBox=\"0 0 448 512\" xmlns=\"http:\/\/www.w3.org\/2000\/svg\"><path d=\"M190.5 66.9l22.2-22.2c9.4-9.4 24.6-9.4 33.9 0L441 239c9.4 9.4 9.4 24.6 0 33.9L246.6 467.3c-9.4 9.4-24.6 9.4-33.9 0l-22.2-22.2c-9.5-9.5-9.3-25 .4-34.3L311.4 296H24c-13.3 0-24-10.7-24-24v-32c0-13.3 10.7-24 24-24h287.4L190.9 101.2c-9.8-9.3-10-24.8-.4-34.3z\"><\/path><\/svg>\t\t\t\t\t<\/span>\n\t\t\t\t\t\t\t<\/a>\n\t\t<\/div>\n\t\t\t\t\t\t<\/div>\n\t\t\t\t<\/div>\n\t\t\t\t<\/div>\n\t\t\t\t<\/div>\n\t\t\t\t<\/div>\n\t\t","protected":false},"excerpt":{"rendered":"<p>\u00d6zg\u00fcn \u00e7izgilerle olu\u015fturulan mat lake y\u00fczeyli tasar\u0131m evinizin her alan\u0131nda Arel Concept \u015f\u0131kl\u0131\u011f\u0131n\u0131 hissettiriyor.<\/p>\n","protected":false},"featured_media":18900,"comment_status":"closed","ping_status":"closed","template":"","meta":[],"product_brand":[],"product_cat":[88],"product_tag":[],"class_list":{"0":"post-19802","1":"product","2":"type-product","3":"status-publish","4":"has-post-thumbnail","6":"product_cat-concept-models","8":"first","9":"instock","10":"shipping-taxable","11":"product-type-simple"},"_links":{"self":[{"href":"https:\/\/themore.com.tr\/en\/wp-json\/wp\/v2\/product\/19802","targetHints":{"allow":["GET"]}}],"collection":[{"href":"https:\/\/themore.com.tr\/en\/wp-json\/wp\/v2\/product"}],"about":[{"href":"https:\/\/themore.com.tr\/en\/wp-json\/wp\/v2\/types\/product"}],"replies":[{"embeddable":true,"href":"https:\/\/themore.com.tr\/en\/wp-json\/wp\/v2\/comments?post=19802"}],"version-history":[{"count":6,"href":"https:\/\/themore.com.tr\/en\/wp-json\/wp\/v2\/product\/19802\/revisions"}],"predecessor-version":[{"id":21219,"href":"https:\/\/themore.com.tr\/en\/wp-json\/wp\/v2\/product\/19802\/revisions\/21219"}],"wp:featuredmedia":[{"embeddable":true,"href":"https:\/\/themore.com.tr\/en\/wp-json\/wp\/v2\/media\/18900"}],"wp:attachment":[{"href":"https:\/\/themore.com.tr\/en\/wp-json\/wp\/v2\/media?parent=19802"}],"wp:term":[{"taxonomy":"product_brand","embeddable":true,"href":"https:\/\/themore.com.tr\/en\/wp-json\/wp\/v2\/product_brand?post=19802"},{"taxonomy":"product_cat","embeddable":true,"href":"https:\/\/themore.com.tr\/en\/wp-json\/wp\/v2\/product_cat?post=19802"},{"taxonomy":"product_tag","embeddable":true,"href":"https:\/\/themore.com.tr\/en\/wp-json\/wp\/v2\/product_tag?post=19802"}],"curies":[{"name":"wp","href":"https:\/\/api.w.org\/{rel}","templated":true}]}}