{"id":19806,"date":"2024-10-02T23:57:25","date_gmt":"2024-10-02T20:57:25","guid":{"rendered":"https:\/\/themore.com.tr\/uncategorized\/melisa-concept\/"},"modified":"2025-08-03T20:18:29","modified_gmt":"2025-08-03T17:18:29","slug":"melisa-concept","status":"publish","type":"product","link":"https:\/\/themore.com.tr\/en\/concept-models\/melisa-concept\/","title":{"rendered":"Melisa"},"content":{"rendered":"\t\t<div data-elementor-type=\"product-post\" data-elementor-id=\"19806\" class=\"elementor elementor-19806 elementor-16293\" data-elementor-post-type=\"product\">\n\t\t\t\t<div class=\"elementor-element elementor-element-44a67e4 e-con-full e-flex e-con e-parent\" data-id=\"44a67e4\" data-element_type=\"container\">\n\t\t<div class=\"elementor-element elementor-element-85628e4 e-con-full e-flex e-con e-child\" data-id=\"85628e4\" data-element_type=\"container\">\n\t\t\t\t<\/div>\n\t\t<div class=\"elementor-element elementor-element-397d55f e-con-full e-flex e-con e-child\" data-id=\"397d55f\" data-element_type=\"container\">\n\t\t\t\t<div class=\"elementor-element elementor-element-231597f elementor-widget elementor-widget-wd_button\" data-id=\"231597f\" data-element_type=\"widget\" data-widget_type=\"wd_button.default\">\n\t\t\t\t<div class=\"elementor-widget-container\">\n\t\t\t\t\t\t\t<div class=\"wd-button-wrapper text-right\" >\n\t\t\t<a class=\"btn btn-style-bordered btn-shape-rectangle btn-size-large btn-color-primary btn-icon-pos-right\"  href=\"https:\/\/katalog.themore.com.tr\/melisa-concept\/\">\n\t\t\t\t<span class=\"wd-btn-text\" data-elementor-setting-key=\"text\">\n\t\t\t\t\tModeli Katalogda \u0130ncele\t\t\t\t<\/span>\n\n\t\t\t\t\t\t\t\t\t<span class=\"wd-btn-icon\">\n\t\t\t\t\t\t<svg class=\"wd-icon e-font-icon-svg e-fas-arrow-right\" viewBox=\"0 0 448 512\" xmlns=\"http:\/\/www.w3.org\/2000\/svg\"><path d=\"M190.5 66.9l22.2-22.2c9.4-9.4 24.6-9.4 33.9 0L441 239c9.4 9.4 9.4 24.6 0 33.9L246.6 467.3c-9.4 9.4-24.6 9.4-33.9 0l-22.2-22.2c-9.5-9.5-9.3-25 .4-34.3L311.4 296H24c-13.3 0-24-10.7-24-24v-32c0-13.3 10.7-24 24-24h287.4L190.9 101.2c-9.8-9.3-10-24.8-.4-34.3z\"><\/path><\/svg>\t\t\t\t\t<\/span>\n\t\t\t\t\t\t\t<\/a>\n\t\t<\/div>\n\t\t\t\t\t\t<\/div>\n\t\t\t\t<\/div>\n\t\t\t\t<\/div>\n\t\t\t\t<\/div>\n\t\t\t\t<\/div>\n\t\t","protected":false},"excerpt":{"rendered":"<p>Geni\u015f renk se\u00e7enekleriyle \u00f6n plana \u00e7\u0131kan Melisa, Tarz\u0131n\u0131 g\u00fc\u00e7lendiren ve tasar\u0131m\u0131 g\u00fc\u00e7l\u00fc k\u0131lan kulp detaylar\u0131, vitrin dolab\u0131, geni\u015f tezgah\u0131 ile g\u00fcn\u00fcm\u00fcz\u00fcn i\u015flevsel ve \u00e7a\u011fda\u015f mutfak anlay\u0131\u015f\u0131na cevap veriyor.<\/p>\n","protected":false},"featured_media":18910,"comment_status":"closed","ping_status":"closed","template":"","meta":[],"product_brand":[],"product_cat":[88],"product_tag":[],"class_list":{"0":"post-19806","1":"product","2":"type-product","3":"status-publish","4":"has-post-thumbnail","6":"product_cat-concept-models","8":"first","9":"instock","10":"shipping-taxable","11":"product-type-simple"},"_links":{"self":[{"href":"https:\/\/themore.com.tr\/en\/wp-json\/wp\/v2\/product\/19806","targetHints":{"allow":["GET"]}}],"collection":[{"href":"https:\/\/themore.com.tr\/en\/wp-json\/wp\/v2\/product"}],"about":[{"href":"https:\/\/themore.com.tr\/en\/wp-json\/wp\/v2\/types\/product"}],"replies":[{"embeddable":true,"href":"https:\/\/themore.com.tr\/en\/wp-json\/wp\/v2\/comments?post=19806"}],"version-history":[{"count":6,"href":"https:\/\/themore.com.tr\/en\/wp-json\/wp\/v2\/product\/19806\/revisions"}],"predecessor-version":[{"id":21254,"href":"https:\/\/themore.com.tr\/en\/wp-json\/wp\/v2\/product\/19806\/revisions\/21254"}],"wp:featuredmedia":[{"embeddable":true,"href":"https:\/\/themore.com.tr\/en\/wp-json\/wp\/v2\/media\/18910"}],"wp:attachment":[{"href":"https:\/\/themore.com.tr\/en\/wp-json\/wp\/v2\/media?parent=19806"}],"wp:term":[{"taxonomy":"product_brand","embeddable":true,"href":"https:\/\/themore.com.tr\/en\/wp-json\/wp\/v2\/product_brand?post=19806"},{"taxonomy":"product_cat","embeddable":true,"href":"https:\/\/themore.com.tr\/en\/wp-json\/wp\/v2\/product_cat?post=19806"},{"taxonomy":"product_tag","embeddable":true,"href":"https:\/\/themore.com.tr\/en\/wp-json\/wp\/v2\/product_tag?post=19806"}],"curies":[{"name":"wp","href":"https:\/\/api.w.org\/{rel}","templated":true}]}}